{"id":172,"date":"2026-03-24T17:38:27","date_gmt":"2026-03-24T16:38:27","guid":{"rendered":"http:\/\/dommandaryna.pl\/?post_type=product&#038;p=172"},"modified":"2026-03-31T17:27:46","modified_gmt":"2026-03-31T16:27:46","slug":"figura-tancerki","status":"publish","type":"product","link":"https:\/\/test.dommandaryna.pl\/?product=figura-tancerki","title":{"rendered":"Figura tancerki"},"content":{"rendered":"<p>\u0142\u0105dne z drewna<\/p>\n","protected":false},"excerpt":{"rendered":"<p>\u0142\u0105dne z drewna kr\u00f3tki<\/p>\n","protected":false},"featured_media":173,"template":"","meta":{"_acf_changed":false},"product_brand":[],"product_cat":[129],"product_tag":[132],"class_list":{"0":"post-172","1":"product","2":"type-product","3":"status-publish","4":"has-post-thumbnail","6":"product_cat-figury","7":"product_tag-widoczne-na-glownej-stronie","8":"pa_kolor-szary","9":"pa_kraj-indonezja","10":"pa_kraj-kambodza","11":"pa_material-drewno","12":"pa_okres-druga-polowa-xx-w","13":"pa_technika-rzezba","14":"pa_typ-figura","16":"first","17":"instock","18":"shipping-taxable","19":"purchasable","20":"product-type-simple"},"acf":[],"_links":{"self":[{"href":"https:\/\/test.dommandaryna.pl\/index.php?rest_route=\/wp\/v2\/product\/172","targetHints":{"allow":["GET"]}}],"collection":[{"href":"https:\/\/test.dommandaryna.pl\/index.php?rest_route=\/wp\/v2\/product"}],"about":[{"href":"https:\/\/test.dommandaryna.pl\/index.php?rest_route=\/wp\/v2\/types\/product"}],"wp:featuredmedia":[{"embeddable":true,"href":"https:\/\/test.dommandaryna.pl\/index.php?rest_route=\/wp\/v2\/media\/173"}],"wp:attachment":[{"href":"https:\/\/test.dommandaryna.pl\/index.php?rest_route=%2Fwp%2Fv2%2Fmedia&parent=172"}],"wp:term":[{"taxonomy":"product_brand","embeddable":true,"href":"https:\/\/test.dommandaryna.pl\/index.php?rest_route=%2Fwp%2Fv2%2Fproduct_brand&post=172"},{"taxonomy":"product_cat","embeddable":true,"href":"https:\/\/test.dommandaryna.pl\/index.php?rest_route=%2Fwp%2Fv2%2Fproduct_cat&post=172"},{"taxonomy":"product_tag","embeddable":true,"href":"https:\/\/test.dommandaryna.pl\/index.php?rest_route=%2Fwp%2Fv2%2Fproduct_tag&post=172"}],"curies":[{"name":"wp","href":"https:\/\/api.w.org\/{rel}","templated":true}]}}