{"id":27,"date":"2026-02-28T21:21:28","date_gmt":"2026-02-28T20:21:28","guid":{"rendered":"http:\/\/dommandaryna.pl\/?page_id=27"},"modified":"2026-05-12T21:25:13","modified_gmt":"2026-05-12T20:25:13","slug":"start","status":"publish","type":"page","link":"https:\/\/test.dommandaryna.pl\/","title":{"rendered":"Start"},"content":{"rendered":"\n<div class=\"wp-block-group is-layout-constrained wp-container-core-group-is-layout-1cf22aaf wp-block-group-is-layout-constrained\" style=\"min-height:0vh;margin-top:-40px;margin-bottom:var(--wp--preset--spacing--70);padding-right:0;padding-left:0\">\n<figure class=\"wp-block-image aligncenter size-large\"><img loading=\"lazy\" decoding=\"async\" width=\"1024\" height=\"419\" src=\"https:\/\/test.dommandaryna.pl\/wp-content\/uploads\/2026\/03\/hero-1-1024x419.jpg\" alt=\"\" class=\"wp-image-123\" style=\"object-fit:cover\" srcset=\"https:\/\/test.dommandaryna.pl\/wp-content\/uploads\/2026\/03\/hero-1-1024x419.jpg 1024w, https:\/\/test.dommandaryna.pl\/wp-content\/uploads\/2026\/03\/hero-1-600x246.jpg 600w, https:\/\/test.dommandaryna.pl\/wp-content\/uploads\/2026\/03\/hero-1-300x123.jpg 300w, https:\/\/test.dommandaryna.pl\/wp-content\/uploads\/2026\/03\/hero-1-768x314.jpg 768w, https:\/\/test.dommandaryna.pl\/wp-content\/uploads\/2026\/03\/hero-1.jpg 1268w\" sizes=\"auto, (max-width: 1024px) 100vw, 1024px\" \/><\/figure>\n<\/div>\n\n\n\n<div class=\"wp-block-group is-layout-constrained wp-block-group-is-layout-constrained\" style=\"margin-top:var(--wp--preset--spacing--50);padding-top:0px\">\n<div class=\"wp-block-group is-content-justification-left is-layout-constrained wp-container-core-group-is-layout-d54c6d6f wp-block-group-is-layout-constrained\" style=\"margin-bottom:var(--wp--preset--spacing--70)\">\n<h2 class=\"wp-block-heading has-text-align-left\">Unikalne przedmioty z histori\u0105<\/h2>\n\n\n\n<p class=\"has-text-align-left\" style=\"margin-top:0;margin-right:0px;margin-left:0;padding-top:0;padding-right:20%;padding-bottom:0;padding-left:0\">W Domu Mandaryna znajdziesz wyselekcjonowan\u0105 kolekcj\u0119 zwi\u0105zan\u0105 z kultur\u0105 Azji \u2014 obiekty o wyra\u017anej formie, jako\u015bci i znaczeniu, kt\u00f3rych nie spotyka si\u0119 w przypadkowych miejscach.<\/p>\n<\/div>\n\n\n\n<div class=\"wp-block-columns is-layout-flex wp-container-core-columns-is-layout-f0342b05 wp-block-columns-is-layout-flex\" style=\"margin-top:0;margin-bottom:0\">\n<div class=\"wp-block-column is-layout-flow wp-block-column-is-layout-flow\">\n<p class=\"has-medium-font-size\" style=\"margin-bottom:var(--wp--preset--spacing--20);font-style:normal;font-weight:600\">Autentyczno\u015b\u0107<\/p>\n\n\n\n<p style=\"margin-top:0;margin-right:var(--wp--preset--spacing--30)\">Ka\u017cdy przedmiot jest oryginalny i zachowany w swojej naturalnej formie. Nie oferujemy reprodukcji ani wsp\u00f3\u0142czesnych kopii.<\/p>\n<\/div>\n\n\n\n<div class=\"wp-block-column is-layout-flow wp-block-column-is-layout-flow\">\n<p class=\"has-medium-font-size\" style=\"margin-right:0;margin-bottom:var(--wp--preset--spacing--20);margin-left:0;font-style:normal;font-weight:600\">Historia<\/p>\n\n\n\n<p style=\"margin-right:var(--wp--preset--spacing--40)\">Obiekty, kt\u00f3re zachowa\u0142y \u015blady swojego czasu \u2014 widoczne w formie, materiale i detalach.<\/p>\n<\/div>\n\n\n\n<div class=\"wp-block-column is-layout-flow wp-block-column-is-layout-flow\">\n<p class=\"has-medium-font-size\" style=\"margin-bottom:var(--wp--preset--spacing--20);font-style:normal;font-weight:600\">Selekcja<\/p>\n\n\n\n<p>Ka\u017cdy eksponat trafia do kolekcji po uwa\u017cnym wyborze \u2014 liczy si\u0119 forma, jako\u015b\u0107 i znaczenie.<\/p>\n<\/div>\n<\/div>\n<\/div>\n\n\n\n<div class=\"wp-block-query is-layout-flow wp-block-query-is-layout-flow\"><ul class=\"columns-3 wp-block-post-template is-layout-grid wp-container-core-post-template-is-layout-6d3fbd8f wp-block-post-template-is-layout-grid\"><li class=\"wp-block-post post-172 product type-product status-publish has-post-thumbnail product_cat-figury product_tag-widoczne-na-glownej-stronie pa_kolor-szary pa_kraj-indonezja pa_kraj-kambodza pa_material-drewno pa_okres-druga-polowa-xx-w pa_technika-rzezba pa_typ-figura first instock shipping-taxable purchasable product-type-simple\">\n\n<div class=\"wp-block-group is-layout-flow wp-block-group-is-layout-flow\" style=\"padding-top:30px;padding-right:30px;padding-bottom:30px;padding-left:30px\"><figure style=\"aspect-ratio:1; margin-bottom:0px;\" class=\"wp-block-post-featured-image\"><a href=\"https:\/\/test.dommandaryna.pl\/?product=figura-tancerki\" target=\"_self\"  ><img loading=\"lazy\" decoding=\"async\" width=\"1707\" height=\"2560\" src=\"https:\/\/test.dommandaryna.pl\/wp-content\/uploads\/2026\/03\/P1060015-scaled.jpg\" class=\"attachment-post-thumbnail size-post-thumbnail wp-post-image\" alt=\"Figura tancerki\" style=\"border-top-left-radius:6px;border-top-right-radius:6px;border-bottom-left-radius:6px;border-bottom-right-radius:6px;width:100%;height:100%;object-fit:cover;\" srcset=\"https:\/\/test.dommandaryna.pl\/wp-content\/uploads\/2026\/03\/P1060015-scaled.jpg 1707w, https:\/\/test.dommandaryna.pl\/wp-content\/uploads\/2026\/03\/P1060015-scaled-600x900.jpg 600w, https:\/\/test.dommandaryna.pl\/wp-content\/uploads\/2026\/03\/P1060015-1365x2048.jpg 1365w, https:\/\/test.dommandaryna.pl\/wp-content\/uploads\/2026\/03\/P1060015-200x300.jpg 200w, https:\/\/test.dommandaryna.pl\/wp-content\/uploads\/2026\/03\/P1060015-768x1152.jpg 768w, https:\/\/test.dommandaryna.pl\/wp-content\/uploads\/2026\/03\/P1060015-683x1024.jpg 683w, https:\/\/test.dommandaryna.pl\/wp-content\/uploads\/2026\/03\/P1060015-1024x1536.jpg 1024w\" sizes=\"auto, (max-width: 1707px) 100vw, 1707px\" \/><\/a><\/figure>\n\n<h2 style=\"font-style:normal;font-weight:500;line-height:1.2; margin-top:8px;\" class=\"has-text-align-center wp-block-post-title has-medium-font-size\"><a href=\"https:\/\/test.dommandaryna.pl\/?product=figura-tancerki\" target=\"_self\" >Figura tancerki<\/a><\/h2><\/div>\n\n<\/li><li class=\"wp-block-post post-91 product type-product status-publish has-post-thumbnail product_cat-wazy product_tag-widoczne-na-glownej-stronie pa_kolor-bialy pa_kraj-indie pa_material-ceramika pa_okres-xix-w pa_technika-reczne-malowanie pa_typ-figura  instock sold-individually shipping-taxable purchasable product-type-simple\">\n\n<div class=\"wp-block-group is-layout-flow wp-block-group-is-layout-flow\" style=\"padding-top:30px;padding-right:30px;padding-bottom:30px;padding-left:30px\"><figure style=\"aspect-ratio:1; margin-bottom:0px;\" class=\"wp-block-post-featured-image\"><a href=\"https:\/\/test.dommandaryna.pl\/?product=figura-mniszki\" target=\"_self\"  ><img loading=\"lazy\" decoding=\"async\" width=\"1024\" height=\"1536\" src=\"https:\/\/test.dommandaryna.pl\/wp-content\/uploads\/2026\/03\/Figurka-Guanyin-z-czasow-Qing.png\" class=\"attachment-post-thumbnail size-post-thumbnail wp-post-image\" alt=\"FIgura mniszki\" style=\"border-top-left-radius:6px;border-top-right-radius:6px;border-bottom-left-radius:6px;border-bottom-right-radius:6px;width:100%;height:100%;object-fit:cover;\" srcset=\"https:\/\/test.dommandaryna.pl\/wp-content\/uploads\/2026\/03\/Figurka-Guanyin-z-czasow-Qing.png 1024w, https:\/\/test.dommandaryna.pl\/wp-content\/uploads\/2026\/03\/Figurka-Guanyin-z-czasow-Qing-600x900.png 600w, https:\/\/test.dommandaryna.pl\/wp-content\/uploads\/2026\/03\/Figurka-Guanyin-z-czasow-Qing-200x300.png 200w, https:\/\/test.dommandaryna.pl\/wp-content\/uploads\/2026\/03\/Figurka-Guanyin-z-czasow-Qing-768x1152.png 768w, https:\/\/test.dommandaryna.pl\/wp-content\/uploads\/2026\/03\/Figurka-Guanyin-z-czasow-Qing-683x1024.png 683w\" sizes=\"auto, (max-width: 1024px) 100vw, 1024px\" \/><\/a><\/figure>\n\n<h2 style=\"font-style:normal;font-weight:500;line-height:1.2; margin-top:8px;\" class=\"has-text-align-center wp-block-post-title has-medium-font-size\"><a href=\"https:\/\/test.dommandaryna.pl\/?product=figura-mniszki\" target=\"_self\" >FIgura mniszki<\/a><\/h2><\/div>\n\n<\/li><li class=\"wp-block-post post-184 product type-product status-publish has-post-thumbnail product_cat-ceramika product_tag-widoczne-na-glownej-stronie pa_kolor-bialy pa_kolor-czarny pa_kolor-czerwony pa_kolor-fioletowy pa_kolor-niebieski pa_kraj-chiny pa_material-ceramika pa_okres-druga-polowa-xx-w pa_technika-malowanie-naszkliwnie pa_typ-zastawa-stolowa  instock shipping-taxable purchasable product-type-simple\">\n\n<div class=\"wp-block-group is-layout-flow wp-block-group-is-layout-flow\" style=\"padding-top:30px;padding-right:30px;padding-bottom:30px;padding-left:30px\"><figure style=\"aspect-ratio:1; margin-bottom:0px;\" class=\"wp-block-post-featured-image\"><a href=\"https:\/\/test.dommandaryna.pl\/?product=zestaw-familly-rose\" target=\"_self\"  ><img loading=\"lazy\" decoding=\"async\" width=\"2560\" height=\"1707\" src=\"https:\/\/test.dommandaryna.pl\/wp-content\/uploads\/2026\/03\/P1080132-scaled.jpg\" class=\"attachment-post-thumbnail size-post-thumbnail wp-post-image\" alt=\"Zestaw Familly rose\" style=\"border-top-left-radius:6px;border-top-right-radius:6px;border-bottom-left-radius:6px;border-bottom-right-radius:6px;width:100%;height:100%;object-fit:cover;\" srcset=\"https:\/\/test.dommandaryna.pl\/wp-content\/uploads\/2026\/03\/P1080132-scaled.jpg 2560w, https:\/\/test.dommandaryna.pl\/wp-content\/uploads\/2026\/03\/P1080132-scaled-600x400.jpg 600w, https:\/\/test.dommandaryna.pl\/wp-content\/uploads\/2026\/03\/P1080132-2048x1365.jpg 2048w, https:\/\/test.dommandaryna.pl\/wp-content\/uploads\/2026\/03\/P1080132-300x200.jpg 300w, https:\/\/test.dommandaryna.pl\/wp-content\/uploads\/2026\/03\/P1080132-768x512.jpg 768w, https:\/\/test.dommandaryna.pl\/wp-content\/uploads\/2026\/03\/P1080132-1024x683.jpg 1024w, https:\/\/test.dommandaryna.pl\/wp-content\/uploads\/2026\/03\/P1080132-1536x1024.jpg 1536w\" sizes=\"auto, (max-width: 2560px) 100vw, 2560px\" \/><\/a><\/figure>\n\n<h2 style=\"font-style:normal;font-weight:500;line-height:1.2; margin-top:8px;\" class=\"has-text-align-center wp-block-post-title has-medium-font-size\"><a href=\"https:\/\/test.dommandaryna.pl\/?product=zestaw-familly-rose\" target=\"_self\" >Zestaw Familly rose<\/a><\/h2><\/div>\n\n<\/li><li class=\"wp-block-post post-255 product type-product status-publish has-post-thumbnail product_cat-figury product_tag-widoczne-na-glownej-stronie pa_kolor-bialy pa_kolor-czerwony pa_kolor-niebieski pa_kraj-chiny pa_material-jedwab pa_okres-wczesny-chrl pa_technika-malowany-komorkowo pa_typ-figura last instock shipping-taxable purchasable product-type-simple\">\n\n<div class=\"wp-block-group is-layout-flow wp-block-group-is-layout-flow\" style=\"padding-top:30px;padding-right:30px;padding-bottom:30px;padding-left:30px\"><figure style=\"aspect-ratio:1; margin-bottom:0px;\" class=\"wp-block-post-featured-image\"><a href=\"https:\/\/test.dommandaryna.pl\/?product=gejsza\" target=\"_self\"  ><img loading=\"lazy\" decoding=\"async\" width=\"1707\" height=\"2560\" src=\"https:\/\/test.dommandaryna.pl\/wp-content\/uploads\/2026\/03\/P2110172-scaled.jpg\" class=\"attachment-post-thumbnail size-post-thumbnail wp-post-image\" alt=\"Gejsza\" style=\"border-top-left-radius:6px;border-top-right-radius:6px;border-bottom-left-radius:6px;border-bottom-right-radius:6px;width:100%;height:100%;object-fit:cover;\" srcset=\"https:\/\/test.dommandaryna.pl\/wp-content\/uploads\/2026\/03\/P2110172-scaled.jpg 1707w, https:\/\/test.dommandaryna.pl\/wp-content\/uploads\/2026\/03\/P2110172-scaled-600x900.jpg 600w, https:\/\/test.dommandaryna.pl\/wp-content\/uploads\/2026\/03\/P2110172-1365x2048.jpg 1365w, https:\/\/test.dommandaryna.pl\/wp-content\/uploads\/2026\/03\/P2110172-200x300.jpg 200w, https:\/\/test.dommandaryna.pl\/wp-content\/uploads\/2026\/03\/P2110172-768x1152.jpg 768w, https:\/\/test.dommandaryna.pl\/wp-content\/uploads\/2026\/03\/P2110172-683x1024.jpg 683w, https:\/\/test.dommandaryna.pl\/wp-content\/uploads\/2026\/03\/P2110172-1024x1536.jpg 1024w\" sizes=\"auto, (max-width: 1707px) 100vw, 1707px\" \/><\/a><\/figure>\n\n<h2 style=\"font-style:normal;font-weight:500;line-height:1.2; margin-top:8px;\" class=\"has-text-align-center wp-block-post-title has-medium-font-size\"><a href=\"https:\/\/test.dommandaryna.pl\/?product=gejsza\" target=\"_self\" >Gejsza<\/a><\/h2><\/div>\n\n<\/li><li class=\"wp-block-post post-261 product type-product status-publish has-post-thumbnail product_cat-figury product_tag-widoczne-na-glownej-stronie pa_kolor-zolty pa_kraj-chiny pa_material-ceramika pa_okres-druga-polowa-xx-w pa_technika-reczne-malowanie pa_typ-figura first instock shipping-taxable purchasable product-type-simple\">\n\n<div class=\"wp-block-group is-layout-flow wp-block-group-is-layout-flow\" style=\"padding-top:30px;padding-right:30px;padding-bottom:30px;padding-left:30px\"><figure style=\"aspect-ratio:1; margin-bottom:0px;\" class=\"wp-block-post-featured-image\"><a href=\"https:\/\/test.dommandaryna.pl\/?product=kon\" target=\"_self\"  ><img loading=\"lazy\" decoding=\"async\" width=\"2560\" height=\"1707\" src=\"https:\/\/test.dommandaryna.pl\/wp-content\/uploads\/2026\/03\/P2110367-scaled.jpg\" class=\"attachment-post-thumbnail size-post-thumbnail wp-post-image\" alt=\"Ko\u0144\" style=\"border-top-left-radius:6px;border-top-right-radius:6px;border-bottom-left-radius:6px;border-bottom-right-radius:6px;width:100%;height:100%;object-fit:cover;\" srcset=\"https:\/\/test.dommandaryna.pl\/wp-content\/uploads\/2026\/03\/P2110367-scaled.jpg 2560w, https:\/\/test.dommandaryna.pl\/wp-content\/uploads\/2026\/03\/P2110367-scaled-600x400.jpg 600w, https:\/\/test.dommandaryna.pl\/wp-content\/uploads\/2026\/03\/P2110367-2048x1365.jpg 2048w, https:\/\/test.dommandaryna.pl\/wp-content\/uploads\/2026\/03\/P2110367-300x200.jpg 300w, https:\/\/test.dommandaryna.pl\/wp-content\/uploads\/2026\/03\/P2110367-768x512.jpg 768w, https:\/\/test.dommandaryna.pl\/wp-content\/uploads\/2026\/03\/P2110367-1024x683.jpg 1024w, https:\/\/test.dommandaryna.pl\/wp-content\/uploads\/2026\/03\/P2110367-1536x1024.jpg 1536w\" sizes=\"auto, (max-width: 2560px) 100vw, 2560px\" \/><\/a><\/figure>\n\n<h2 style=\"font-style:normal;font-weight:500;line-height:1.2; margin-top:8px;\" class=\"has-text-align-center wp-block-post-title has-medium-font-size\"><a href=\"https:\/\/test.dommandaryna.pl\/?product=kon\" target=\"_self\" >Ko\u0144<\/a><\/h2><\/div>\n\n<\/li><li class=\"wp-block-post post-192 product type-product status-publish has-post-thumbnail product_cat-figury product_tag-widoczne-na-glownej-stronie pa_kolor-zolty pa_kraj-chiny pa_material-drewno pa_okres-pierwsza-polowa-xx-w pa_technika-rzezba pa_typ-rzezba  instock shipping-taxable purchasable product-type-simple\">\n\n<div class=\"wp-block-group is-layout-flow wp-block-group-is-layout-flow\" style=\"padding-top:30px;padding-right:30px;padding-bottom:30px;padding-left:30px\"><figure style=\"aspect-ratio:1; margin-bottom:0px;\" class=\"wp-block-post-featured-image\"><a href=\"https:\/\/test.dommandaryna.pl\/?product=maska\" target=\"_self\"  ><img loading=\"lazy\" decoding=\"async\" width=\"1707\" height=\"2560\" src=\"https:\/\/test.dommandaryna.pl\/wp-content\/uploads\/2026\/03\/P1210017-scaled.jpg\" class=\"attachment-post-thumbnail size-post-thumbnail wp-post-image\" alt=\"Maska\" style=\"border-top-left-radius:6px;border-top-right-radius:6px;border-bottom-left-radius:6px;border-bottom-right-radius:6px;width:100%;height:100%;object-fit:cover;\" srcset=\"https:\/\/test.dommandaryna.pl\/wp-content\/uploads\/2026\/03\/P1210017-scaled.jpg 1707w, https:\/\/test.dommandaryna.pl\/wp-content\/uploads\/2026\/03\/P1210017-scaled-600x900.jpg 600w, https:\/\/test.dommandaryna.pl\/wp-content\/uploads\/2026\/03\/P1210017-1365x2048.jpg 1365w, https:\/\/test.dommandaryna.pl\/wp-content\/uploads\/2026\/03\/P1210017-200x300.jpg 200w, https:\/\/test.dommandaryna.pl\/wp-content\/uploads\/2026\/03\/P1210017-768x1152.jpg 768w, https:\/\/test.dommandaryna.pl\/wp-content\/uploads\/2026\/03\/P1210017-683x1024.jpg 683w, https:\/\/test.dommandaryna.pl\/wp-content\/uploads\/2026\/03\/P1210017-1024x1536.jpg 1024w\" sizes=\"auto, (max-width: 1707px) 100vw, 1707px\" \/><\/a><\/figure>\n\n<h2 style=\"font-style:normal;font-weight:500;line-height:1.2; margin-top:8px;\" class=\"has-text-align-center wp-block-post-title has-medium-font-size\"><a href=\"https:\/\/test.dommandaryna.pl\/?product=maska\" target=\"_self\" >Maska<\/a><\/h2><\/div>\n\n<\/li><\/ul><\/div>\n\n\n\n<div class=\"wp-block-buttons is-content-justification-center is-layout-flex wp-container-core-buttons-is-layout-a89b3969 wp-block-buttons-is-layout-flex\">\n<div class=\"wp-block-button is-style-outline is-style-outline--2\"><a class=\"wp-block-button__link has-black-color has-text-color has-link-color has-text-align-center wp-element-button\" href=\"https:\/\/test.dommandaryna.pl\/?page_id=10\" style=\"border-width:1px;box-shadow:none\">Zobacz wszystkie przedmioty<\/a><\/div>\n<\/div>\n","protected":false},"excerpt":{"rendered":"<p>Unikalne przedmioty z histori\u0105 W Domu Mandaryna znajdziesz wyselekcjonowan\u0105 kolekcj\u0119 zwi\u0105zan\u0105 z kultur\u0105 Azji \u2014 obiekty o wyra\u017anej formie, jako\u015bci i znaczeniu, kt\u00f3rych nie spotyka si\u0119 w przypadkowych miejscach. Autentyczno\u015b\u0107 Ka\u017cdy przedmiot jest oryginalny i zachowany w swojej naturalnej formie. Nie oferujemy reprodukcji ani wsp\u00f3\u0142czesnych kopii. Historia Obiekty, kt\u00f3re zachowa\u0142y \u015blady swojego czasu \u2014 widoczne [&hellip;]<\/p>\n","protected":false},"author":1,"featured_media":0,"parent":0,"menu_order":0,"comment_status":"closed","ping_status":"closed","template":"","meta":{"_acf_changed":false,"footnotes":""},"class_list":["post-27","page","type-page","status-publish","hentry"],"blocksy_meta":[],"acf":[],"_links":{"self":[{"href":"https:\/\/test.dommandaryna.pl\/index.php?rest_route=\/wp\/v2\/pages\/27","targetHints":{"allow":["GET"]}}],"collection":[{"href":"https:\/\/test.dommandaryna.pl\/index.php?rest_route=\/wp\/v2\/pages"}],"about":[{"href":"https:\/\/test.dommandaryna.pl\/index.php?rest_route=\/wp\/v2\/types\/page"}],"author":[{"embeddable":true,"href":"https:\/\/test.dommandaryna.pl\/index.php?rest_route=\/wp\/v2\/users\/1"}],"replies":[{"embeddable":true,"href":"https:\/\/test.dommandaryna.pl\/index.php?rest_route=%2Fwp%2Fv2%2Fcomments&post=27"}],"version-history":[{"count":115,"href":"https:\/\/test.dommandaryna.pl\/index.php?rest_route=\/wp\/v2\/pages\/27\/revisions"}],"predecessor-version":[{"id":474,"href":"https:\/\/test.dommandaryna.pl\/index.php?rest_route=\/wp\/v2\/pages\/27\/revisions\/474"}],"wp:attachment":[{"href":"https:\/\/test.dommandaryna.pl\/index.php?rest_route=%2Fwp%2Fv2%2Fmedia&parent=27"}],"curies":[{"name":"wp","href":"https:\/\/api.w.org\/{rel}","templated":true}]}}